{"id":782,"date":"2024-09-27T16:27:36","date_gmt":"2024-09-27T14:27:36","guid":{"rendered":"https:\/\/argane-conception.fr\/?page_id=782"},"modified":"2024-11-21T15:45:27","modified_gmt":"2024-11-21T14:45:27","slug":"evasion","status":"publish","type":"page","link":"https:\/\/argane-conception.fr\/index.php\/evasion\/","title":{"rendered":"EVASION"},"content":{"rendered":"\t\t<div data-elementor-type=\"wp-page\" data-elementor-id=\"782\" class=\"elementor elementor-782\">\n\t\t\t\t<div class=\"elementor-element elementor-element-6fed19b2 e-flex e-con-boxed e-con e-parent\" data-id=\"6fed19b2\" data-element_type=\"container\" data-e-type=\"container\">\n\t\t\t\t\t<div class=\"e-con-inner\">\n\t\t<div class=\"elementor-element elementor-element-3bf35571 e-con-full e-flex e-con e-child\" data-id=\"3bf35571\" data-element_type=\"container\" data-e-type=\"container\">\n\t\t\t\t<div class=\"elementor-element elementor-element-6ad3e6a3 elementor-widget elementor-widget-image\" data-id=\"6ad3e6a3\" data-element_type=\"widget\" data-e-type=\"widget\" data-widget_type=\"image.default\">\n\t\t\t\t<div class=\"elementor-widget-container\">\n\t\t\t\t\t\t\t\t\t\t\t\t\t\t\t<img fetchpriority=\"high\" decoding=\"async\" width=\"300\" height=\"300\" src=\"https:\/\/argane-conception.fr\/wp-content\/uploads\/2024\/09\/White-and-Green-Rectangle-Hipster-Logo-10-300x300.png\" class=\"attachment-medium size-medium wp-image-642\" alt=\"\" srcset=\"https:\/\/argane-conception.fr\/wp-content\/uploads\/2024\/09\/White-and-Green-Rectangle-Hipster-Logo-10-300x300.png 300w, https:\/\/argane-conception.fr\/wp-content\/uploads\/2024\/09\/White-and-Green-Rectangle-Hipster-Logo-10-150x150.png 150w, https:\/\/argane-conception.fr\/wp-content\/uploads\/2024\/09\/White-and-Green-Rectangle-Hipster-Logo-10.png 500w\" sizes=\"100vw\" \/>\t\t\t\t\t\t\t\t\t\t\t\t\t\t\t<\/div>\n\t\t\t\t<\/div>\n\t\t\t\t<\/div>\n\t\t<div class=\"elementor-element elementor-element-3329c4a3 e-con-full e-flex e-con e-child\" data-id=\"3329c4a3\" data-element_type=\"container\" data-e-type=\"container\">\n\t\t\t\t<div class=\"elementor-element elementor-element-555cdd6b elementor-widget elementor-widget-heading\" data-id=\"555cdd6b\" data-element_type=\"widget\" data-e-type=\"widget\" data-widget_type=\"heading.default\">\n\t\t\t\t<div class=\"elementor-widget-container\">\n\t\t\t\t\t<h2 class=\"elementor-heading-title elementor-size-default\">\u00c9VASION<\/h2>\t\t\t\t<\/div>\n\t\t\t\t<\/div>\n\t\t\t\t<div class=\"elementor-element elementor-element-377095a9 elementor-widget elementor-widget-text-editor\" data-id=\"377095a9\" data-element_type=\"widget\" data-e-type=\"widget\" data-widget_type=\"text-editor.default\">\n\t\t\t\t<div class=\"elementor-widget-container\">\n\t\t\t\t\t\t\t\t\t<p>Bagn\u00e8res-de-Bigorre<\/p>\t\t\t\t\t\t\t\t<\/div>\n\t\t\t\t<\/div>\n\t\t\t\t<\/div>\n\t\t\t\t\t<\/div>\n\t\t\t\t<\/div>\n\t\t\t\t<section class=\"elementor-section elementor-top-section elementor-element elementor-element-64abe016 elementor-section-boxed elementor-section-height-default elementor-section-height-default\" data-id=\"64abe016\" data-element_type=\"section\" data-e-type=\"section\" data-settings=\"{&quot;background_background&quot;:&quot;classic&quot;}\">\n\t\t\t\t\t\t\t<div class=\"elementor-background-overlay\"><\/div>\n\t\t\t\t\t\t\t<div class=\"elementor-container elementor-column-gap-default\">\n\t\t\t\t\t<div class=\"elementor-column elementor-col-100 elementor-top-column elementor-element elementor-element-202055c1\" data-id=\"202055c1\" data-element_type=\"column\" data-e-type=\"column\">\n\t\t\t<div class=\"elementor-widget-wrap elementor-element-populated\">\n\t\t\t\t\t<div class=\"elementor-background-overlay\"><\/div>\n\t\t\t\t\t\t<div class=\"elementor-element elementor-element-285d46c6 elementor-widget elementor-widget-spacer\" data-id=\"285d46c6\" data-element_type=\"widget\" data-e-type=\"widget\" data-widget_type=\"spacer.default\">\n\t\t\t\t<div class=\"elementor-widget-container\">\n\t\t\t\t\t\t\t<div class=\"elementor-spacer\">\n\t\t\t<div class=\"elementor-spacer-inner\"><\/div>\n\t\t<\/div>\n\t\t\t\t\t\t<\/div>\n\t\t\t\t<\/div>\n\t\t\t\t<div class=\"elementor-element elementor-element-730e3caa gallery-spacing-custom elementor-widget__width-auto elementor-widget-mobile__width-inherit elementor-widget elementor-widget-image-gallery\" data-id=\"730e3caa\" data-element_type=\"widget\" data-e-type=\"widget\" data-widget_type=\"image-gallery.default\">\n\t\t\t\t<div class=\"elementor-widget-container\">\n\t\t\t\t\t\t\t<div class=\"elementor-image-gallery\">\n\t\t\t<div id='gallery-1' class='gallery galleryid-782 gallery-columns-2 gallery-size-medium_large'><figure class='gallery-item'>\n\t\t\t<div class='gallery-icon portrait'>\n\t\t\t\t<a data-elementor-open-lightbox=\"yes\" data-elementor-lightbox-slideshow=\"730e3caa\" data-elementor-lightbox-title=\"technique du b\u00e2timent\" data-e-action-hash=\"#elementor-action%3Aaction%3Dlightbox%26settings%3DeyJpZCI6Nzg0LCJ1cmwiOiJodHRwczpcL1wvYXJnYW5lLWNvbmNlcHRpb24uZnJcL3dwLWNvbnRlbnRcL3VwbG9hZHNcLzIwMjRcLzA5XC9FVkFTSU9OXzAyNjktc2NhbGVkLmpwZyIsInNsaWRlc2hvdyI6IjczMGUzY2FhIn0%3D\" href='https:\/\/argane-conception.fr\/wp-content\/uploads\/2024\/09\/EVASION_0269-scaled.jpg'><img decoding=\"async\" width=\"768\" height=\"1024\" src=\"https:\/\/argane-conception.fr\/wp-content\/uploads\/2024\/09\/EVASION_0269-scaled.jpg\" class=\"attachment-medium_large size-medium_large\" alt=\"\" srcset=\"https:\/\/argane-conception.fr\/wp-content\/uploads\/2024\/09\/EVASION_0269-scaled.jpg 1920w, https:\/\/argane-conception.fr\/wp-content\/uploads\/2024\/09\/EVASION_0269-225x300.jpg 225w, https:\/\/argane-conception.fr\/wp-content\/uploads\/2024\/09\/EVASION_0269-768x1024.jpg 768w, https:\/\/argane-conception.fr\/wp-content\/uploads\/2024\/09\/EVASION_0269-2000x2667.jpg 2000w\" sizes=\"100vw\" \/><\/a>\n\t\t\t<\/div><\/figure><figure class='gallery-item'>\n\t\t\t<div class='gallery-icon portrait'>\n\t\t\t\t<a data-elementor-open-lightbox=\"yes\" data-elementor-lightbox-slideshow=\"730e3caa\" data-elementor-lightbox-title=\"technique du b\u00e2timent\" data-e-action-hash=\"#elementor-action%3Aaction%3Dlightbox%26settings%3DeyJpZCI6Nzg1LCJ1cmwiOiJodHRwczpcL1wvYXJnYW5lLWNvbmNlcHRpb24uZnJcL3dwLWNvbnRlbnRcL3VwbG9hZHNcLzIwMjRcLzA5XC9FVkFTSU9OXzAyNTYtMy1zY2FsZWQuanBnIiwic2xpZGVzaG93IjoiNzMwZTNjYWEifQ%3D%3D\" href='https:\/\/argane-conception.fr\/wp-content\/uploads\/2024\/09\/EVASION_0256-3-scaled.jpg'><img decoding=\"async\" width=\"768\" height=\"1024\" src=\"https:\/\/argane-conception.fr\/wp-content\/uploads\/2024\/09\/EVASION_0256-3-scaled.jpg\" class=\"attachment-medium_large size-medium_large\" alt=\"\" srcset=\"https:\/\/argane-conception.fr\/wp-content\/uploads\/2024\/09\/EVASION_0256-3-scaled.jpg 1920w, https:\/\/argane-conception.fr\/wp-content\/uploads\/2024\/09\/EVASION_0256-3-225x300.jpg 225w, https:\/\/argane-conception.fr\/wp-content\/uploads\/2024\/09\/EVASION_0256-3-768x1024.jpg 768w, https:\/\/argane-conception.fr\/wp-content\/uploads\/2024\/09\/EVASION_0256-3-2000x2667.jpg 2000w\" sizes=\"100vw\" \/><\/a>\n\t\t\t<\/div><\/figure><figure class='gallery-item'>\n\t\t\t<div class='gallery-icon portrait'>\n\t\t\t\t<a data-elementor-open-lightbox=\"yes\" data-elementor-lightbox-slideshow=\"730e3caa\" data-elementor-lightbox-title=\"technique du b\u00e2timent\" data-e-action-hash=\"#elementor-action%3Aaction%3Dlightbox%26settings%3DeyJpZCI6Nzg2LCJ1cmwiOiJodHRwczpcL1wvYXJnYW5lLWNvbmNlcHRpb24uZnJcL3dwLWNvbnRlbnRcL3VwbG9hZHNcLzIwMjRcLzA5XC9FVkFTSU9OXzAxNzQtMy1zY2FsZWQuanBnIiwic2xpZGVzaG93IjoiNzMwZTNjYWEifQ%3D%3D\" href='https:\/\/argane-conception.fr\/wp-content\/uploads\/2024\/09\/EVASION_0174-3-scaled.jpg'><img loading=\"lazy\" decoding=\"async\" width=\"768\" height=\"1051\" src=\"https:\/\/argane-conception.fr\/wp-content\/uploads\/2024\/09\/EVASION_0174-3-scaled.jpg\" class=\"attachment-medium_large size-medium_large\" alt=\"\" srcset=\"https:\/\/argane-conception.fr\/wp-content\/uploads\/2024\/09\/EVASION_0174-3-scaled.jpg 1870w, https:\/\/argane-conception.fr\/wp-content\/uploads\/2024\/09\/EVASION_0174-3-219x300.jpg 219w, https:\/\/argane-conception.fr\/wp-content\/uploads\/2024\/09\/EVASION_0174-3-748x1024.jpg 748w, https:\/\/argane-conception.fr\/wp-content\/uploads\/2024\/09\/EVASION_0174-3-2000x2738.jpg 2000w\" sizes=\"100vw\" \/><\/a>\n\t\t\t<\/div><\/figure><figure class='gallery-item'>\n\t\t\t<div class='gallery-icon portrait'>\n\t\t\t\t<a data-elementor-open-lightbox=\"yes\" data-elementor-lightbox-slideshow=\"730e3caa\" data-elementor-lightbox-title=\"technique du b\u00e2timent\" data-e-action-hash=\"#elementor-action%3Aaction%3Dlightbox%26settings%3DeyJpZCI6Nzg3LCJ1cmwiOiJodHRwczpcL1wvYXJnYW5lLWNvbmNlcHRpb24uZnJcL3dwLWNvbnRlbnRcL3VwbG9hZHNcLzIwMjRcLzA5XC9FVkFTSU9OXzAxNjctMy1zY2FsZWQuanBnIiwic2xpZGVzaG93IjoiNzMwZTNjYWEifQ%3D%3D\" href='https:\/\/argane-conception.fr\/wp-content\/uploads\/2024\/09\/EVASION_0167-3-scaled.jpg'><img loading=\"lazy\" decoding=\"async\" width=\"768\" height=\"1024\" src=\"https:\/\/argane-conception.fr\/wp-content\/uploads\/2024\/09\/EVASION_0167-3-scaled.jpg\" class=\"attachment-medium_large size-medium_large\" alt=\"\" srcset=\"https:\/\/argane-conception.fr\/wp-content\/uploads\/2024\/09\/EVASION_0167-3-scaled.jpg 1920w, https:\/\/argane-conception.fr\/wp-content\/uploads\/2024\/09\/EVASION_0167-3-225x300.jpg 225w, https:\/\/argane-conception.fr\/wp-content\/uploads\/2024\/09\/EVASION_0167-3-768x1024.jpg 768w, https:\/\/argane-conception.fr\/wp-content\/uploads\/2024\/09\/EVASION_0167-3-2000x2667.jpg 2000w\" sizes=\"100vw\" \/><\/a>\n\t\t\t<\/div><\/figure><figure class='gallery-item'>\n\t\t\t<div class='gallery-icon portrait'>\n\t\t\t\t<a data-elementor-open-lightbox=\"yes\" data-elementor-lightbox-slideshow=\"730e3caa\" data-elementor-lightbox-title=\"conseils r\u00e9novation 65\" data-e-action-hash=\"#elementor-action%3Aaction%3Dlightbox%26settings%3DeyJpZCI6Nzg4LCJ1cmwiOiJodHRwczpcL1wvYXJnYW5lLWNvbmNlcHRpb24uZnJcL3dwLWNvbnRlbnRcL3VwbG9hZHNcLzIwMjRcLzA5XC9FVkFTSU9OXzAxNjUtc2NhbGVkLmpwZyIsInNsaWRlc2hvdyI6IjczMGUzY2FhIn0%3D\" href='https:\/\/argane-conception.fr\/wp-content\/uploads\/2024\/09\/EVASION_0165-scaled.jpg'><img loading=\"lazy\" decoding=\"async\" width=\"768\" height=\"1024\" src=\"https:\/\/argane-conception.fr\/wp-content\/uploads\/2024\/09\/EVASION_0165-scaled.jpg\" class=\"attachment-medium_large size-medium_large\" alt=\"\" srcset=\"https:\/\/argane-conception.fr\/wp-content\/uploads\/2024\/09\/EVASION_0165-scaled.jpg 1920w, https:\/\/argane-conception.fr\/wp-content\/uploads\/2024\/09\/EVASION_0165-225x300.jpg 225w, https:\/\/argane-conception.fr\/wp-content\/uploads\/2024\/09\/EVASION_0165-768x1024.jpg 768w, https:\/\/argane-conception.fr\/wp-content\/uploads\/2024\/09\/EVASION_0165-2000x2667.jpg 2000w\" sizes=\"100vw\" \/><\/a>\n\t\t\t<\/div><\/figure><figure class='gallery-item'>\n\t\t\t<div class='gallery-icon portrait'>\n\t\t\t\t<a data-elementor-open-lightbox=\"yes\" data-elementor-lightbox-slideshow=\"730e3caa\" data-elementor-lightbox-title=\"r\u00e9novation professionnelle\" data-e-action-hash=\"#elementor-action%3Aaction%3Dlightbox%26settings%3DeyJpZCI6Nzg5LCJ1cmwiOiJodHRwczpcL1wvYXJnYW5lLWNvbmNlcHRpb24uZnJcL3dwLWNvbnRlbnRcL3VwbG9hZHNcLzIwMjRcLzA5XC9FVkFTSU9OXzAxNjItc2NhbGVkLmpwZyIsInNsaWRlc2hvdyI6IjczMGUzY2FhIn0%3D\" href='https:\/\/argane-conception.fr\/wp-content\/uploads\/2024\/09\/EVASION_0162-scaled.jpg'><img loading=\"lazy\" decoding=\"async\" width=\"768\" height=\"1024\" src=\"https:\/\/argane-conception.fr\/wp-content\/uploads\/2024\/09\/EVASION_0162-scaled.jpg\" class=\"attachment-medium_large size-medium_large\" alt=\"\" srcset=\"https:\/\/argane-conception.fr\/wp-content\/uploads\/2024\/09\/EVASION_0162-scaled.jpg 1920w, https:\/\/argane-conception.fr\/wp-content\/uploads\/2024\/09\/EVASION_0162-225x300.jpg 225w, https:\/\/argane-conception.fr\/wp-content\/uploads\/2024\/09\/EVASION_0162-768x1024.jpg 768w, https:\/\/argane-conception.fr\/wp-content\/uploads\/2024\/09\/EVASION_0162-2000x2667.jpg 2000w\" sizes=\"100vw\" \/><\/a>\n\t\t\t<\/div><\/figure>\n\t\t<\/div>\n\t\t<\/div>\n\t\t\t\t\t\t<\/div>\n\t\t\t\t<\/div>\n\t\t\t\t\t<\/div>\n\t\t<\/div>\n\t\t\t\t\t<\/div>\n\t\t<\/section>\n\t\t\t\t<section class=\"elementor-section elementor-top-section elementor-element elementor-element-627ad568 elementor-section-boxed elementor-section-height-default elementor-section-height-default\" data-id=\"627ad568\" data-element_type=\"section\" data-e-type=\"section\" data-settings=\"{&quot;background_background&quot;:&quot;classic&quot;}\">\n\t\t\t\t\t\t\t<div class=\"elementor-background-overlay\"><\/div>\n\t\t\t\t\t\t\t<div class=\"elementor-container elementor-column-gap-default\">\n\t\t\t\t\t<div class=\"elementor-column elementor-col-100 elementor-top-column elementor-element elementor-element-613df557\" data-id=\"613df557\" data-element_type=\"column\" data-e-type=\"column\">\n\t\t\t<div class=\"elementor-widget-wrap elementor-element-populated\">\n\t\t\t\t\t\t<section class=\"elementor-section elementor-inner-section elementor-element elementor-element-386bf309 elementor-section-boxed elementor-section-height-default elementor-section-height-default\" data-id=\"386bf309\" data-element_type=\"section\" data-e-type=\"section\">\n\t\t\t\t\t\t<div class=\"elementor-container elementor-column-gap-default\">\n\t\t\t\t\t<div class=\"elementor-column elementor-col-50 elementor-inner-column elementor-element elementor-element-7478d8ec\" data-id=\"7478d8ec\" data-element_type=\"column\" data-e-type=\"column\">\n\t\t\t<div class=\"elementor-widget-wrap elementor-element-populated\">\n\t\t\t\t\t\t<div class=\"elementor-element elementor-element-aee4d54 elementor-widget elementor-widget-image\" data-id=\"aee4d54\" data-element_type=\"widget\" data-e-type=\"widget\" data-widget_type=\"image.default\">\n\t\t\t\t<div class=\"elementor-widget-container\">\n\t\t\t\t\t\t\t\t\t\t\t\t\t\t\t<img loading=\"lazy\" decoding=\"async\" width=\"950\" height=\"242\" src=\"https:\/\/argane-conception.fr\/wp-content\/uploads\/2024\/06\/ARGANE-1024x261.png\" class=\"attachment-large size-large wp-image-326\" alt=\"\" srcset=\"https:\/\/argane-conception.fr\/wp-content\/uploads\/2024\/06\/ARGANE-1024x261.png 1024w, https:\/\/argane-conception.fr\/wp-content\/uploads\/2024\/06\/ARGANE-300x77.png 300w, https:\/\/argane-conception.fr\/wp-content\/uploads\/2024\/06\/ARGANE-2000x511.png 2000w, https:\/\/argane-conception.fr\/wp-content\/uploads\/2024\/06\/ARGANE-1536x392.png 1536w, https:\/\/argane-conception.fr\/wp-content\/uploads\/2024\/06\/ARGANE-2048x523.png 2048w\" sizes=\"100vw\" \/>\t\t\t\t\t\t\t\t\t\t\t\t\t\t\t<\/div>\n\t\t\t\t<\/div>\n\t\t\t\t\t<\/div>\n\t\t<\/div>\n\t\t\t\t<div class=\"elementor-column elementor-col-50 elementor-inner-column elementor-element elementor-element-2dd6e696\" data-id=\"2dd6e696\" data-element_type=\"column\" data-e-type=\"column\">\n\t\t\t<div class=\"elementor-widget-wrap elementor-element-populated\">\n\t\t\t\t\t\t<div class=\"elementor-element elementor-element-3e10bbab elementor-widget elementor-widget-heading\" data-id=\"3e10bbab\" data-element_type=\"widget\" data-e-type=\"widget\" data-widget_type=\"heading.default\">\n\t\t\t\t<div class=\"elementor-widget-container\">\n\t\t\t\t\t<h3 class=\"elementor-heading-title elementor-size-default\">MAIL<\/h3>\t\t\t\t<\/div>\n\t\t\t\t<\/div>\n\t\t\t\t<div class=\"elementor-element elementor-element-2b206df8 elementor-widget elementor-widget-heading\" data-id=\"2b206df8\" data-element_type=\"widget\" data-e-type=\"widget\" data-widget_type=\"heading.default\">\n\t\t\t\t<div class=\"elementor-widget-container\">\n\t\t\t\t\t<h3 class=\"elementor-heading-title elementor-size-default\"><a href=\"#\" target=\"_blank\">contact@argane-conception.fr<\/a><\/h3>\t\t\t\t<\/div>\n\t\t\t\t<\/div>\n\t\t\t\t<div class=\"elementor-element elementor-element-286827fd elementor-widget elementor-widget-heading\" data-id=\"286827fd\" data-element_type=\"widget\" data-e-type=\"widget\" data-widget_type=\"heading.default\">\n\t\t\t\t<div class=\"elementor-widget-container\">\n\t\t\t\t\t<h3 class=\"elementor-heading-title elementor-size-default\">T\u00c9L\u00c9PHONE<\/h3>\t\t\t\t<\/div>\n\t\t\t\t<\/div>\n\t\t\t\t<div class=\"elementor-element elementor-element-1bd4b5ea elementor-widget elementor-widget-heading\" data-id=\"1bd4b5ea\" data-element_type=\"widget\" data-e-type=\"widget\" data-widget_type=\"heading.default\">\n\t\t\t\t<div class=\"elementor-widget-container\">\n\t\t\t\t\t<h3 class=\"elementor-heading-title elementor-size-default\"><a href=\"#\" target=\"_blank\">06 80 81 93 95\n<\/a><\/h3>\t\t\t\t<\/div>\n\t\t\t\t<\/div>\n\t\t\t\t<div class=\"elementor-element elementor-element-2f84f405 elementor-widget elementor-widget-heading\" data-id=\"2f84f405\" data-element_type=\"widget\" data-e-type=\"widget\" data-widget_type=\"heading.default\">\n\t\t\t\t<div class=\"elementor-widget-container\">\n\t\t\t\t\t<h3 class=\"elementor-heading-title elementor-size-default\">SUIVEZ-NOUS<\/h3>\t\t\t\t<\/div>\n\t\t\t\t<\/div>\n\t\t\t\t<div class=\"elementor-element elementor-element-3814c9d6 elementor-shape-rounded elementor-grid-0 e-grid-align-center elementor-widget elementor-widget-social-icons\" data-id=\"3814c9d6\" data-element_type=\"widget\" data-e-type=\"widget\" data-widget_type=\"social-icons.default\">\n\t\t\t\t<div class=\"elementor-widget-container\">\n\t\t\t\t\t\t\t<div class=\"elementor-social-icons-wrapper elementor-grid\">\n\t\t\t\t\t\t\t<span class=\"elementor-grid-item\">\n\t\t\t\t\t<a class=\"elementor-icon elementor-social-icon elementor-social-icon-instagram elementor-animation-grow elementor-repeater-item-d550229\" href=\"https:\/\/www.instagram.com\/kokon_conception\/\" target=\"_blank\">\n\t\t\t\t\t\t<span class=\"elementor-screen-only\">Instagram<\/span>\n\t\t\t\t\t\t<svg aria-hidden=\"true\" class=\"e-font-icon-svg e-fab-instagram\" viewBox=\"0 0 448 512\" xmlns=\"http:\/\/www.w3.org\/2000\/svg\"><path d=\"M224.1 141c-63.6 0-114.9 51.3-114.9 114.9s51.3 114.9 114.9 114.9S339 319.5 339 255.9 287.7 141 224.1 141zm0 189.6c-41.1 0-74.7-33.5-74.7-74.7s33.5-74.7 74.7-74.7 74.7 33.5 74.7 74.7-33.6 74.7-74.7 74.7zm146.4-194.3c0 14.9-12 26.8-26.8 26.8-14.9 0-26.8-12-26.8-26.8s12-26.8 26.8-26.8 26.8 12 26.8 26.8zm76.1 27.2c-1.7-35.9-9.9-67.7-36.2-93.9-26.2-26.2-58-34.4-93.9-36.2-37-2.1-147.9-2.1-184.9 0-35.8 1.7-67.6 9.9-93.9 36.1s-34.4 58-36.2 93.9c-2.1 37-2.1 147.9 0 184.9 1.7 35.9 9.9 67.7 36.2 93.9s58 34.4 93.9 36.2c37 2.1 147.9 2.1 184.9 0 35.9-1.7 67.7-9.9 93.9-36.2 26.2-26.2 34.4-58 36.2-93.9 2.1-37 2.1-147.8 0-184.8zM398.8 388c-7.8 19.6-22.9 34.7-42.6 42.6-29.5 11.7-99.5 9-132.1 9s-102.7 2.6-132.1-9c-19.6-7.8-34.7-22.9-42.6-42.6-11.7-29.5-9-99.5-9-132.1s-2.6-102.7 9-132.1c7.8-19.6 22.9-34.7 42.6-42.6 29.5-11.7 99.5-9 132.1-9s102.7-2.6 132.1 9c19.6 7.8 34.7 22.9 42.6 42.6 11.7 29.5 9 99.5 9 132.1s2.7 102.7-9 132.1z\"><\/path><\/svg>\t\t\t\t\t<\/a>\n\t\t\t\t<\/span>\n\t\t\t\t\t<\/div>\n\t\t\t\t\t\t<\/div>\n\t\t\t\t<\/div>\n\t\t\t\t\t<\/div>\n\t\t<\/div>\n\t\t\t\t\t<\/div>\n\t\t<\/section>\n\t\t\t\t\t<\/div>\n\t\t<\/div>\n\t\t\t\t\t<\/div>\n\t\t<\/section>\n\t\t\t\t<\/div>\n\t\t","protected":false},"excerpt":{"rendered":"<p>\u00c9VASION Bagn\u00e8res-de-Bigorre MAIL contact@argane-conception.fr T\u00c9L\u00c9PHONE 06 80 81 93 95 SUIVEZ-NOUS Instagram<\/p>\n","protected":false},"author":1,"featured_media":0,"parent":0,"menu_order":0,"comment_status":"closed","ping_status":"closed","template":"elementor_header_footer","meta":{"footnotes":""},"class_list":["post-782","page","type-page","status-publish","hentry"],"_links":{"self":[{"href":"https:\/\/argane-conception.fr\/index.php\/wp-json\/wp\/v2\/pages\/782","targetHints":{"allow":["GET"]}}],"collection":[{"href":"https:\/\/argane-conception.fr\/index.php\/wp-json\/wp\/v2\/pages"}],"about":[{"href":"https:\/\/argane-conception.fr\/index.php\/wp-json\/wp\/v2\/types\/page"}],"author":[{"embeddable":true,"href":"https:\/\/argane-conception.fr\/index.php\/wp-json\/wp\/v2\/users\/1"}],"replies":[{"embeddable":true,"href":"https:\/\/argane-conception.fr\/index.php\/wp-json\/wp\/v2\/comments?post=782"}],"version-history":[{"count":11,"href":"https:\/\/argane-conception.fr\/index.php\/wp-json\/wp\/v2\/pages\/782\/revisions"}],"predecessor-version":[{"id":1034,"href":"https:\/\/argane-conception.fr\/index.php\/wp-json\/wp\/v2\/pages\/782\/revisions\/1034"}],"wp:attachment":[{"href":"https:\/\/argane-conception.fr\/index.php\/wp-json\/wp\/v2\/media?parent=782"}],"curies":[{"name":"wp","href":"https:\/\/api.w.org\/{rel}","templated":true}]}}