{"id":837,"date":"2024-09-27T16:40:27","date_gmt":"2024-09-27T14:40:27","guid":{"rendered":"https:\/\/argane-conception.fr\/?page_id=837"},"modified":"2024-11-21T15:46:14","modified_gmt":"2024-11-21T14:46:14","slug":"kokon","status":"publish","type":"page","link":"https:\/\/argane-conception.fr\/index.php\/kokon\/","title":{"rendered":"KOKON"},"content":{"rendered":"\t\t<div data-elementor-type=\"wp-page\" data-elementor-id=\"837\" class=\"elementor elementor-837\">\n\t\t\t\t<div class=\"elementor-element elementor-element-28831b6d e-flex e-con-boxed e-con e-parent\" data-id=\"28831b6d\" data-element_type=\"container\" data-e-type=\"container\">\n\t\t\t\t\t<div class=\"e-con-inner\">\n\t\t<div class=\"elementor-element elementor-element-3fb0a41b e-con-full e-flex e-con e-child\" data-id=\"3fb0a41b\" data-element_type=\"container\" data-e-type=\"container\">\n\t\t\t\t<div class=\"elementor-element elementor-element-53a73880 elementor-widget elementor-widget-image\" data-id=\"53a73880\" data-element_type=\"widget\" data-e-type=\"widget\" data-widget_type=\"image.default\">\n\t\t\t\t<div class=\"elementor-widget-container\">\n\t\t\t\t\t\t\t\t\t\t\t\t\t\t\t<img fetchpriority=\"high\" decoding=\"async\" width=\"300\" height=\"300\" src=\"https:\/\/argane-conception.fr\/wp-content\/uploads\/2024\/09\/5-1-300x300.png\" class=\"attachment-medium size-medium wp-image-663\" alt=\"\" srcset=\"https:\/\/argane-conception.fr\/wp-content\/uploads\/2024\/09\/5-1-300x300.png 300w, https:\/\/argane-conception.fr\/wp-content\/uploads\/2024\/09\/5-1-150x150.png 150w, https:\/\/argane-conception.fr\/wp-content\/uploads\/2024\/09\/5-1.png 500w\" sizes=\"100vw\" \/>\t\t\t\t\t\t\t\t\t\t\t\t\t\t\t<\/div>\n\t\t\t\t<\/div>\n\t\t\t\t<\/div>\n\t\t<div class=\"elementor-element elementor-element-31fbc20e e-con-full e-flex e-con e-child\" data-id=\"31fbc20e\" data-element_type=\"container\" data-e-type=\"container\">\n\t\t\t\t<div class=\"elementor-element elementor-element-7d8b3bc3 elementor-widget elementor-widget-heading\" data-id=\"7d8b3bc3\" data-element_type=\"widget\" data-e-type=\"widget\" data-widget_type=\"heading.default\">\n\t\t\t\t<div class=\"elementor-widget-container\">\n\t\t\t\t\t<h2 class=\"elementor-heading-title elementor-size-default\">KOKON<\/h2>\t\t\t\t<\/div>\n\t\t\t\t<\/div>\n\t\t\t\t<div class=\"elementor-element elementor-element-7064585f elementor-widget elementor-widget-text-editor\" data-id=\"7064585f\" data-element_type=\"widget\" data-e-type=\"widget\" data-widget_type=\"text-editor.default\">\n\t\t\t\t<div class=\"elementor-widget-container\">\n\t\t\t\t\t\t\t\t\t<p>Bagn\u00e8res-de-Bigorre<\/p>\t\t\t\t\t\t\t\t<\/div>\n\t\t\t\t<\/div>\n\t\t\t\t<\/div>\n\t\t\t\t\t<\/div>\n\t\t\t\t<\/div>\n\t\t\t\t<section class=\"elementor-section elementor-top-section elementor-element elementor-element-24bfb797 elementor-section-boxed elementor-section-height-default elementor-section-height-default\" data-id=\"24bfb797\" data-element_type=\"section\" data-e-type=\"section\" data-settings=\"{&quot;background_background&quot;:&quot;classic&quot;}\">\n\t\t\t\t\t\t\t<div class=\"elementor-background-overlay\"><\/div>\n\t\t\t\t\t\t\t<div class=\"elementor-container elementor-column-gap-default\">\n\t\t\t\t\t<div class=\"elementor-column elementor-col-100 elementor-top-column elementor-element elementor-element-2378d458\" data-id=\"2378d458\" data-element_type=\"column\" data-e-type=\"column\">\n\t\t\t<div class=\"elementor-widget-wrap elementor-element-populated\">\n\t\t\t\t\t<div class=\"elementor-background-overlay\"><\/div>\n\t\t\t\t\t\t<div class=\"elementor-element elementor-element-66af1899 elementor-widget elementor-widget-spacer\" data-id=\"66af1899\" data-element_type=\"widget\" data-e-type=\"widget\" data-widget_type=\"spacer.default\">\n\t\t\t\t<div class=\"elementor-widget-container\">\n\t\t\t\t\t\t\t<div class=\"elementor-spacer\">\n\t\t\t<div class=\"elementor-spacer-inner\"><\/div>\n\t\t<\/div>\n\t\t\t\t\t\t<\/div>\n\t\t\t\t<\/div>\n\t\t\t\t<div class=\"elementor-element elementor-element-1094f148 gallery-spacing-custom elementor-widget__width-auto elementor-widget-mobile__width-inherit elementor-widget elementor-widget-image-gallery\" data-id=\"1094f148\" data-element_type=\"widget\" data-e-type=\"widget\" data-widget_type=\"image-gallery.default\">\n\t\t\t\t<div class=\"elementor-widget-container\">\n\t\t\t\t\t\t\t<div class=\"elementor-image-gallery\">\n\t\t\t<div id='gallery-1' class='gallery galleryid-837 gallery-columns-2 gallery-size-medium_large'><figure class='gallery-item'>\n\t\t\t<div class='gallery-icon portrait'>\n\t\t\t\t<a data-elementor-open-lightbox=\"yes\" data-elementor-lightbox-slideshow=\"1094f148\" data-elementor-lightbox-title=\"Ma\u00eetre d&#039;oeuvre sud ouest\" data-e-action-hash=\"#elementor-action%3Aaction%3Dlightbox%26settings%3DeyJpZCI6ODM5LCJ1cmwiOiJodHRwczpcL1wvYXJnYW5lLWNvbmNlcHRpb24uZnJcL3dwLWNvbnRlbnRcL3VwbG9hZHNcLzIwMjRcLzA5XC9LT0tPTl84OTExLXNjYWxlZC5qcGciLCJzbGlkZXNob3ciOiIxMDk0ZjE0OCJ9\" href='https:\/\/argane-conception.fr\/wp-content\/uploads\/2024\/09\/KOKON_8911-scaled.jpg'><img decoding=\"async\" width=\"768\" height=\"1024\" src=\"https:\/\/argane-conception.fr\/wp-content\/uploads\/2024\/09\/KOKON_8911-scaled.jpg\" class=\"attachment-medium_large size-medium_large\" alt=\"\" srcset=\"https:\/\/argane-conception.fr\/wp-content\/uploads\/2024\/09\/KOKON_8911-scaled.jpg 1920w, https:\/\/argane-conception.fr\/wp-content\/uploads\/2024\/09\/KOKON_8911-225x300.jpg 225w, https:\/\/argane-conception.fr\/wp-content\/uploads\/2024\/09\/KOKON_8911-768x1024.jpg 768w, https:\/\/argane-conception.fr\/wp-content\/uploads\/2024\/09\/KOKON_8911-2000x2667.jpg 2000w\" sizes=\"100vw\" \/><\/a>\n\t\t\t<\/div><\/figure><figure class='gallery-item'>\n\t\t\t<div class='gallery-icon landscape'>\n\t\t\t\t<a data-elementor-open-lightbox=\"yes\" data-elementor-lightbox-slideshow=\"1094f148\" data-elementor-lightbox-title=\"Ma\u00eetre d&#039;oeuvre 65\" data-e-action-hash=\"#elementor-action%3Aaction%3Dlightbox%26settings%3DeyJpZCI6ODQwLCJ1cmwiOiJodHRwczpcL1wvYXJnYW5lLWNvbmNlcHRpb24uZnJcL3dwLWNvbnRlbnRcL3VwbG9hZHNcLzIwMjRcLzA5XC9LT0tPTl84OTE3LXNjYWxlZC5qcGciLCJzbGlkZXNob3ciOiIxMDk0ZjE0OCJ9\" href='https:\/\/argane-conception.fr\/wp-content\/uploads\/2024\/09\/KOKON_8917-scaled.jpg'><img decoding=\"async\" width=\"768\" height=\"576\" src=\"https:\/\/argane-conception.fr\/wp-content\/uploads\/2024\/09\/KOKON_8917-scaled.jpg\" class=\"attachment-medium_large size-medium_large\" alt=\"\" srcset=\"https:\/\/argane-conception.fr\/wp-content\/uploads\/2024\/09\/KOKON_8917-scaled.jpg 2560w, https:\/\/argane-conception.fr\/wp-content\/uploads\/2024\/09\/KOKON_8917-300x225.jpg 300w, https:\/\/argane-conception.fr\/wp-content\/uploads\/2024\/09\/KOKON_8917-1024x768.jpg 1024w, https:\/\/argane-conception.fr\/wp-content\/uploads\/2024\/09\/KOKON_8917-2000x1500.jpg 2000w\" sizes=\"100vw\" \/><\/a>\n\t\t\t<\/div><\/figure><figure class='gallery-item'>\n\t\t\t<div class='gallery-icon portrait'>\n\t\t\t\t<a data-elementor-open-lightbox=\"yes\" data-elementor-lightbox-slideshow=\"1094f148\" data-elementor-lightbox-title=\"ma\u00eetre d&#039;oeuvre Loudes\" data-e-action-hash=\"#elementor-action%3Aaction%3Dlightbox%26settings%3DeyJpZCI6ODQxLCJ1cmwiOiJodHRwczpcL1wvYXJnYW5lLWNvbmNlcHRpb24uZnJcL3dwLWNvbnRlbnRcL3VwbG9hZHNcLzIwMjRcLzA5XC9LT0tPTl84OTE4LXNjYWxlZC5qcGciLCJzbGlkZXNob3ciOiIxMDk0ZjE0OCJ9\" href='https:\/\/argane-conception.fr\/wp-content\/uploads\/2024\/09\/KOKON_8918-scaled.jpg'><img loading=\"lazy\" decoding=\"async\" width=\"768\" height=\"1024\" src=\"https:\/\/argane-conception.fr\/wp-content\/uploads\/2024\/09\/KOKON_8918-scaled.jpg\" class=\"attachment-medium_large size-medium_large\" alt=\"\" srcset=\"https:\/\/argane-conception.fr\/wp-content\/uploads\/2024\/09\/KOKON_8918-scaled.jpg 1920w, https:\/\/argane-conception.fr\/wp-content\/uploads\/2024\/09\/KOKON_8918-225x300.jpg 225w, https:\/\/argane-conception.fr\/wp-content\/uploads\/2024\/09\/KOKON_8918-768x1024.jpg 768w, https:\/\/argane-conception.fr\/wp-content\/uploads\/2024\/09\/KOKON_8918-2000x2667.jpg 2000w\" sizes=\"100vw\" \/><\/a>\n\t\t\t<\/div><\/figure><figure class='gallery-item'>\n\t\t\t<div class='gallery-icon landscape'>\n\t\t\t\t<a data-elementor-open-lightbox=\"yes\" data-elementor-lightbox-slideshow=\"1094f148\" data-elementor-lightbox-title=\"Lourdes Tarbes Bagn\u00e8res-de-Bigorre\" data-e-action-hash=\"#elementor-action%3Aaction%3Dlightbox%26settings%3DeyJpZCI6ODQyLCJ1cmwiOiJodHRwczpcL1wvYXJnYW5lLWNvbmNlcHRpb24uZnJcL3dwLWNvbnRlbnRcL3VwbG9hZHNcLzIwMjRcLzA5XC9LT0tPTl84OTMwLXNjYWxlZC5qcGciLCJzbGlkZXNob3ciOiIxMDk0ZjE0OCJ9\" href='https:\/\/argane-conception.fr\/wp-content\/uploads\/2024\/09\/KOKON_8930-scaled.jpg'><img loading=\"lazy\" decoding=\"async\" width=\"768\" height=\"576\" src=\"https:\/\/argane-conception.fr\/wp-content\/uploads\/2024\/09\/KOKON_8930-scaled.jpg\" class=\"attachment-medium_large size-medium_large\" alt=\"\" srcset=\"https:\/\/argane-conception.fr\/wp-content\/uploads\/2024\/09\/KOKON_8930-scaled.jpg 2560w, https:\/\/argane-conception.fr\/wp-content\/uploads\/2024\/09\/KOKON_8930-300x225.jpg 300w, https:\/\/argane-conception.fr\/wp-content\/uploads\/2024\/09\/KOKON_8930-1024x768.jpg 1024w, https:\/\/argane-conception.fr\/wp-content\/uploads\/2024\/09\/KOKON_8930-2000x1500.jpg 2000w\" sizes=\"100vw\" \/><\/a>\n\t\t\t<\/div><\/figure><figure class='gallery-item'>\n\t\t\t<div class='gallery-icon landscape'>\n\t\t\t\t<a data-elementor-open-lightbox=\"yes\" data-elementor-lightbox-slideshow=\"1094f148\" data-elementor-lightbox-title=\"entreprise de r\u00e9novation\" data-e-action-hash=\"#elementor-action%3Aaction%3Dlightbox%26settings%3DeyJpZCI6ODQzLCJ1cmwiOiJodHRwczpcL1wvYXJnYW5lLWNvbmNlcHRpb24uZnJcL3dwLWNvbnRlbnRcL3VwbG9hZHNcLzIwMjRcLzA5XC9LT0tPTl84OTMyLXNjYWxlZC5qcGciLCJzbGlkZXNob3ciOiIxMDk0ZjE0OCJ9\" href='https:\/\/argane-conception.fr\/wp-content\/uploads\/2024\/09\/KOKON_8932-scaled.jpg'><img loading=\"lazy\" decoding=\"async\" width=\"768\" height=\"576\" src=\"https:\/\/argane-conception.fr\/wp-content\/uploads\/2024\/09\/KOKON_8932-scaled.jpg\" class=\"attachment-medium_large size-medium_large\" alt=\"\" srcset=\"https:\/\/argane-conception.fr\/wp-content\/uploads\/2024\/09\/KOKON_8932-scaled.jpg 2560w, https:\/\/argane-conception.fr\/wp-content\/uploads\/2024\/09\/KOKON_8932-300x225.jpg 300w, https:\/\/argane-conception.fr\/wp-content\/uploads\/2024\/09\/KOKON_8932-1024x768.jpg 1024w, https:\/\/argane-conception.fr\/wp-content\/uploads\/2024\/09\/KOKON_8932-2000x1500.jpg 2000w\" sizes=\"100vw\" \/><\/a>\n\t\t\t<\/div><\/figure><figure class='gallery-item'>\n\t\t\t<div class='gallery-icon portrait'>\n\t\t\t\t<a data-elementor-open-lightbox=\"yes\" data-elementor-lightbox-slideshow=\"1094f148\" data-elementor-lightbox-title=\"r\u00e9novation de maison\" data-e-action-hash=\"#elementor-action%3Aaction%3Dlightbox%26settings%3DeyJpZCI6ODQ0LCJ1cmwiOiJodHRwczpcL1wvYXJnYW5lLWNvbmNlcHRpb24uZnJcL3dwLWNvbnRlbnRcL3VwbG9hZHNcLzIwMjRcLzA5XC9LT0tPTl84OTMzLXNjYWxlZC5qcGciLCJzbGlkZXNob3ciOiIxMDk0ZjE0OCJ9\" href='https:\/\/argane-conception.fr\/wp-content\/uploads\/2024\/09\/KOKON_8933-scaled.jpg'><img loading=\"lazy\" decoding=\"async\" width=\"768\" height=\"1024\" src=\"https:\/\/argane-conception.fr\/wp-content\/uploads\/2024\/09\/KOKON_8933-scaled.jpg\" class=\"attachment-medium_large size-medium_large\" alt=\"\" srcset=\"https:\/\/argane-conception.fr\/wp-content\/uploads\/2024\/09\/KOKON_8933-scaled.jpg 1920w, https:\/\/argane-conception.fr\/wp-content\/uploads\/2024\/09\/KOKON_8933-225x300.jpg 225w, https:\/\/argane-conception.fr\/wp-content\/uploads\/2024\/09\/KOKON_8933-768x1024.jpg 768w, https:\/\/argane-conception.fr\/wp-content\/uploads\/2024\/09\/KOKON_8933-2000x2667.jpg 2000w\" sizes=\"100vw\" \/><\/a>\n\t\t\t<\/div><\/figure><figure class='gallery-item'>\n\t\t\t<div class='gallery-icon landscape'>\n\t\t\t\t<a data-elementor-open-lightbox=\"yes\" data-elementor-lightbox-slideshow=\"1094f148\" data-elementor-lightbox-title=\"r\u00e9novation hautes-pyr\u00e9n\u00e9ens\" data-e-action-hash=\"#elementor-action%3Aaction%3Dlightbox%26settings%3DeyJpZCI6ODQ1LCJ1cmwiOiJodHRwczpcL1wvYXJnYW5lLWNvbmNlcHRpb24uZnJcL3dwLWNvbnRlbnRcL3VwbG9hZHNcLzIwMjRcLzA5XC9LT0tPTl84OTM3LXNjYWxlZC5qcGciLCJzbGlkZXNob3ciOiIxMDk0ZjE0OCJ9\" href='https:\/\/argane-conception.fr\/wp-content\/uploads\/2024\/09\/KOKON_8937-scaled.jpg'><img loading=\"lazy\" decoding=\"async\" width=\"768\" height=\"576\" src=\"https:\/\/argane-conception.fr\/wp-content\/uploads\/2024\/09\/KOKON_8937-scaled.jpg\" class=\"attachment-medium_large size-medium_large\" alt=\"\" srcset=\"https:\/\/argane-conception.fr\/wp-content\/uploads\/2024\/09\/KOKON_8937-scaled.jpg 2560w, https:\/\/argane-conception.fr\/wp-content\/uploads\/2024\/09\/KOKON_8937-300x225.jpg 300w, https:\/\/argane-conception.fr\/wp-content\/uploads\/2024\/09\/KOKON_8937-1024x768.jpg 1024w, https:\/\/argane-conception.fr\/wp-content\/uploads\/2024\/09\/KOKON_8937-2000x1500.jpg 2000w\" sizes=\"100vw\" \/><\/a>\n\t\t\t<\/div><\/figure><figure class='gallery-item'>\n\t\t\t<div class='gallery-icon portrait'>\n\t\t\t\t<a data-elementor-open-lightbox=\"yes\" data-elementor-lightbox-slideshow=\"1094f148\" data-elementor-lightbox-title=\"r\u00e9novation 65\" data-e-action-hash=\"#elementor-action%3Aaction%3Dlightbox%26settings%3DeyJpZCI6ODQ2LCJ1cmwiOiJodHRwczpcL1wvYXJnYW5lLWNvbmNlcHRpb24uZnJcL3dwLWNvbnRlbnRcL3VwbG9hZHNcLzIwMjRcLzA5XC9LT0tPTl84OTQ0LXNjYWxlZC5qcGciLCJzbGlkZXNob3ciOiIxMDk0ZjE0OCJ9\" href='https:\/\/argane-conception.fr\/wp-content\/uploads\/2024\/09\/KOKON_8944-scaled.jpg'><img loading=\"lazy\" decoding=\"async\" width=\"768\" height=\"1024\" src=\"https:\/\/argane-conception.fr\/wp-content\/uploads\/2024\/09\/KOKON_8944-scaled.jpg\" class=\"attachment-medium_large size-medium_large\" alt=\"\" srcset=\"https:\/\/argane-conception.fr\/wp-content\/uploads\/2024\/09\/KOKON_8944-scaled.jpg 1920w, https:\/\/argane-conception.fr\/wp-content\/uploads\/2024\/09\/KOKON_8944-225x300.jpg 225w, https:\/\/argane-conception.fr\/wp-content\/uploads\/2024\/09\/KOKON_8944-768x1024.jpg 768w, https:\/\/argane-conception.fr\/wp-content\/uploads\/2024\/09\/KOKON_8944-2000x2667.jpg 2000w\" sizes=\"100vw\" \/><\/a>\n\t\t\t<\/div><\/figure><figure class='gallery-item'>\n\t\t\t<div class='gallery-icon portrait'>\n\t\t\t\t<a data-elementor-open-lightbox=\"yes\" data-elementor-lightbox-slideshow=\"1094f148\" data-elementor-lightbox-title=\"r\u00e9novation Tarbes\" data-e-action-hash=\"#elementor-action%3Aaction%3Dlightbox%26settings%3DeyJpZCI6ODQ3LCJ1cmwiOiJodHRwczpcL1wvYXJnYW5lLWNvbmNlcHRpb24uZnJcL3dwLWNvbnRlbnRcL3VwbG9hZHNcLzIwMjRcLzA5XC9LT0tPTl84OTQ4LXNjYWxlZC5qcGciLCJzbGlkZXNob3ciOiIxMDk0ZjE0OCJ9\" href='https:\/\/argane-conception.fr\/wp-content\/uploads\/2024\/09\/KOKON_8948-scaled.jpg'><img loading=\"lazy\" decoding=\"async\" width=\"768\" height=\"1024\" src=\"https:\/\/argane-conception.fr\/wp-content\/uploads\/2024\/09\/KOKON_8948-scaled.jpg\" class=\"attachment-medium_large size-medium_large\" alt=\"\" srcset=\"https:\/\/argane-conception.fr\/wp-content\/uploads\/2024\/09\/KOKON_8948-scaled.jpg 1920w, https:\/\/argane-conception.fr\/wp-content\/uploads\/2024\/09\/KOKON_8948-225x300.jpg 225w, https:\/\/argane-conception.fr\/wp-content\/uploads\/2024\/09\/KOKON_8948-768x1024.jpg 768w, https:\/\/argane-conception.fr\/wp-content\/uploads\/2024\/09\/KOKON_8948-2000x2667.jpg 2000w\" sizes=\"100vw\" \/><\/a>\n\t\t\t<\/div><\/figure><figure class='gallery-item'>\n\t\t\t<div class='gallery-icon portrait'>\n\t\t\t\t<a data-elementor-open-lightbox=\"yes\" data-elementor-lightbox-slideshow=\"1094f148\" data-elementor-lightbox-title=\"r\u00e9novation sud ouest\" data-e-action-hash=\"#elementor-action%3Aaction%3Dlightbox%26settings%3DeyJpZCI6ODQ4LCJ1cmwiOiJodHRwczpcL1wvYXJnYW5lLWNvbmNlcHRpb24uZnJcL3dwLWNvbnRlbnRcL3VwbG9hZHNcLzIwMjRcLzA5XC9LT0tPTl84OTUwLXNjYWxlZC5qcGciLCJzbGlkZXNob3ciOiIxMDk0ZjE0OCJ9\" href='https:\/\/argane-conception.fr\/wp-content\/uploads\/2024\/09\/KOKON_8950-scaled.jpg'><img loading=\"lazy\" decoding=\"async\" width=\"768\" height=\"1024\" src=\"https:\/\/argane-conception.fr\/wp-content\/uploads\/2024\/09\/KOKON_8950-scaled.jpg\" class=\"attachment-medium_large size-medium_large\" alt=\"\" srcset=\"https:\/\/argane-conception.fr\/wp-content\/uploads\/2024\/09\/KOKON_8950-scaled.jpg 1920w, https:\/\/argane-conception.fr\/wp-content\/uploads\/2024\/09\/KOKON_8950-225x300.jpg 225w, https:\/\/argane-conception.fr\/wp-content\/uploads\/2024\/09\/KOKON_8950-768x1024.jpg 768w, https:\/\/argane-conception.fr\/wp-content\/uploads\/2024\/09\/KOKON_8950-2000x2667.jpg 2000w\" sizes=\"100vw\" \/><\/a>\n\t\t\t<\/div><\/figure><figure class='gallery-item'>\n\t\t\t<div class='gallery-icon landscape'>\n\t\t\t\t<a data-elementor-open-lightbox=\"yes\" data-elementor-lightbox-slideshow=\"1094f148\" data-elementor-lightbox-title=\"projet de construction\" data-e-action-hash=\"#elementor-action%3Aaction%3Dlightbox%26settings%3DeyJpZCI6ODQ5LCJ1cmwiOiJodHRwczpcL1wvYXJnYW5lLWNvbmNlcHRpb24uZnJcL3dwLWNvbnRlbnRcL3VwbG9hZHNcLzIwMjRcLzA5XC9LT0tPTl84OTU2LXNjYWxlZC5qcGciLCJzbGlkZXNob3ciOiIxMDk0ZjE0OCJ9\" href='https:\/\/argane-conception.fr\/wp-content\/uploads\/2024\/09\/KOKON_8956-scaled.jpg'><img loading=\"lazy\" decoding=\"async\" width=\"768\" height=\"576\" src=\"https:\/\/argane-conception.fr\/wp-content\/uploads\/2024\/09\/KOKON_8956-scaled.jpg\" class=\"attachment-medium_large size-medium_large\" alt=\"\" srcset=\"https:\/\/argane-conception.fr\/wp-content\/uploads\/2024\/09\/KOKON_8956-scaled.jpg 2560w, https:\/\/argane-conception.fr\/wp-content\/uploads\/2024\/09\/KOKON_8956-300x225.jpg 300w, https:\/\/argane-conception.fr\/wp-content\/uploads\/2024\/09\/KOKON_8956-1024x768.jpg 1024w, https:\/\/argane-conception.fr\/wp-content\/uploads\/2024\/09\/KOKON_8956-2000x1500.jpg 2000w\" sizes=\"100vw\" \/><\/a>\n\t\t\t<\/div><\/figure><figure class='gallery-item'>\n\t\t\t<div class='gallery-icon portrait'>\n\t\t\t\t<a data-elementor-open-lightbox=\"yes\" data-elementor-lightbox-slideshow=\"1094f148\" data-elementor-lightbox-title=\"architecture sud ouest\" data-e-action-hash=\"#elementor-action%3Aaction%3Dlightbox%26settings%3DeyJpZCI6ODUwLCJ1cmwiOiJodHRwczpcL1wvYXJnYW5lLWNvbmNlcHRpb24uZnJcL3dwLWNvbnRlbnRcL3VwbG9hZHNcLzIwMjRcLzA5XC9LT0tPTi5qcGciLCJzbGlkZXNob3ciOiIxMDk0ZjE0OCJ9\" href='https:\/\/argane-conception.fr\/wp-content\/uploads\/2024\/09\/KOKON.jpg'><img loading=\"lazy\" decoding=\"async\" width=\"768\" height=\"1024\" src=\"https:\/\/argane-conception.fr\/wp-content\/uploads\/2024\/09\/KOKON.jpg\" class=\"attachment-medium_large size-medium_large\" alt=\"\" srcset=\"https:\/\/argane-conception.fr\/wp-content\/uploads\/2024\/09\/KOKON.jpg 768w, https:\/\/argane-conception.fr\/wp-content\/uploads\/2024\/09\/KOKON-225x300.jpg 225w\" sizes=\"100vw\" \/><\/a>\n\t\t\t<\/div><\/figure>\n\t\t<\/div>\n\t\t<\/div>\n\t\t\t\t\t\t<\/div>\n\t\t\t\t<\/div>\n\t\t\t\t\t<\/div>\n\t\t<\/div>\n\t\t\t\t\t<\/div>\n\t\t<\/section>\n\t\t\t\t<section class=\"elementor-section elementor-top-section elementor-element elementor-element-66e2b97c elementor-section-boxed elementor-section-height-default elementor-section-height-default\" data-id=\"66e2b97c\" data-element_type=\"section\" data-e-type=\"section\" data-settings=\"{&quot;background_background&quot;:&quot;classic&quot;}\">\n\t\t\t\t\t\t\t<div class=\"elementor-background-overlay\"><\/div>\n\t\t\t\t\t\t\t<div class=\"elementor-container elementor-column-gap-default\">\n\t\t\t\t\t<div class=\"elementor-column elementor-col-100 elementor-top-column elementor-element elementor-element-5b3d928b\" data-id=\"5b3d928b\" data-element_type=\"column\" data-e-type=\"column\">\n\t\t\t<div class=\"elementor-widget-wrap elementor-element-populated\">\n\t\t\t\t\t\t<section class=\"elementor-section elementor-inner-section elementor-element elementor-element-4122c3eb elementor-section-boxed elementor-section-height-default elementor-section-height-default\" data-id=\"4122c3eb\" data-element_type=\"section\" data-e-type=\"section\">\n\t\t\t\t\t\t<div class=\"elementor-container elementor-column-gap-default\">\n\t\t\t\t\t<div class=\"elementor-column elementor-col-50 elementor-inner-column elementor-element elementor-element-2c252352\" data-id=\"2c252352\" data-element_type=\"column\" data-e-type=\"column\">\n\t\t\t<div class=\"elementor-widget-wrap elementor-element-populated\">\n\t\t\t\t\t\t<div class=\"elementor-element elementor-element-15f13542 elementor-widget elementor-widget-image\" data-id=\"15f13542\" data-element_type=\"widget\" data-e-type=\"widget\" data-widget_type=\"image.default\">\n\t\t\t\t<div class=\"elementor-widget-container\">\n\t\t\t\t\t\t\t\t\t\t\t\t\t\t\t<img loading=\"lazy\" decoding=\"async\" width=\"950\" height=\"242\" src=\"https:\/\/argane-conception.fr\/wp-content\/uploads\/2024\/06\/ARGANE-1024x261.png\" class=\"attachment-large size-large wp-image-326\" alt=\"\" srcset=\"https:\/\/argane-conception.fr\/wp-content\/uploads\/2024\/06\/ARGANE-1024x261.png 1024w, https:\/\/argane-conception.fr\/wp-content\/uploads\/2024\/06\/ARGANE-300x77.png 300w, https:\/\/argane-conception.fr\/wp-content\/uploads\/2024\/06\/ARGANE-2000x511.png 2000w, https:\/\/argane-conception.fr\/wp-content\/uploads\/2024\/06\/ARGANE-1536x392.png 1536w, https:\/\/argane-conception.fr\/wp-content\/uploads\/2024\/06\/ARGANE-2048x523.png 2048w\" sizes=\"100vw\" \/>\t\t\t\t\t\t\t\t\t\t\t\t\t\t\t<\/div>\n\t\t\t\t<\/div>\n\t\t\t\t\t<\/div>\n\t\t<\/div>\n\t\t\t\t<div class=\"elementor-column elementor-col-50 elementor-inner-column elementor-element elementor-element-72b2ac0c\" data-id=\"72b2ac0c\" data-element_type=\"column\" data-e-type=\"column\">\n\t\t\t<div class=\"elementor-widget-wrap elementor-element-populated\">\n\t\t\t\t\t\t<div class=\"elementor-element elementor-element-133bdcfb elementor-widget elementor-widget-heading\" data-id=\"133bdcfb\" data-element_type=\"widget\" data-e-type=\"widget\" data-widget_type=\"heading.default\">\n\t\t\t\t<div class=\"elementor-widget-container\">\n\t\t\t\t\t<h3 class=\"elementor-heading-title elementor-size-default\">MAIL<\/h3>\t\t\t\t<\/div>\n\t\t\t\t<\/div>\n\t\t\t\t<div class=\"elementor-element elementor-element-7203ba19 elementor-widget elementor-widget-heading\" data-id=\"7203ba19\" data-element_type=\"widget\" data-e-type=\"widget\" data-widget_type=\"heading.default\">\n\t\t\t\t<div class=\"elementor-widget-container\">\n\t\t\t\t\t<h3 class=\"elementor-heading-title elementor-size-default\"><a href=\"#\" target=\"_blank\">contact@argane-conception.fr<\/a><\/h3>\t\t\t\t<\/div>\n\t\t\t\t<\/div>\n\t\t\t\t<div class=\"elementor-element elementor-element-30ba044a elementor-widget elementor-widget-heading\" data-id=\"30ba044a\" data-element_type=\"widget\" data-e-type=\"widget\" data-widget_type=\"heading.default\">\n\t\t\t\t<div class=\"elementor-widget-container\">\n\t\t\t\t\t<h3 class=\"elementor-heading-title elementor-size-default\">T\u00c9L\u00c9PHONE<\/h3>\t\t\t\t<\/div>\n\t\t\t\t<\/div>\n\t\t\t\t<div class=\"elementor-element elementor-element-2bc91e93 elementor-widget elementor-widget-heading\" data-id=\"2bc91e93\" data-element_type=\"widget\" data-e-type=\"widget\" data-widget_type=\"heading.default\">\n\t\t\t\t<div class=\"elementor-widget-container\">\n\t\t\t\t\t<h3 class=\"elementor-heading-title elementor-size-default\"><a href=\"#\" target=\"_blank\">06 80 81 93 95\n<\/a><\/h3>\t\t\t\t<\/div>\n\t\t\t\t<\/div>\n\t\t\t\t<div class=\"elementor-element elementor-element-22d70224 elementor-widget elementor-widget-heading\" data-id=\"22d70224\" data-element_type=\"widget\" data-e-type=\"widget\" data-widget_type=\"heading.default\">\n\t\t\t\t<div class=\"elementor-widget-container\">\n\t\t\t\t\t<h3 class=\"elementor-heading-title elementor-size-default\">SUIVEZ-NOUS<\/h3>\t\t\t\t<\/div>\n\t\t\t\t<\/div>\n\t\t\t\t<div class=\"elementor-element elementor-element-1855628 elementor-shape-rounded elementor-grid-0 e-grid-align-center elementor-widget elementor-widget-social-icons\" data-id=\"1855628\" data-element_type=\"widget\" data-e-type=\"widget\" data-widget_type=\"social-icons.default\">\n\t\t\t\t<div class=\"elementor-widget-container\">\n\t\t\t\t\t\t\t<div class=\"elementor-social-icons-wrapper elementor-grid\">\n\t\t\t\t\t\t\t<span class=\"elementor-grid-item\">\n\t\t\t\t\t<a class=\"elementor-icon elementor-social-icon elementor-social-icon-instagram elementor-animation-grow elementor-repeater-item-d550229\" href=\"https:\/\/www.instagram.com\/kokon_conception\/\" target=\"_blank\">\n\t\t\t\t\t\t<span class=\"elementor-screen-only\">Instagram<\/span>\n\t\t\t\t\t\t<svg aria-hidden=\"true\" class=\"e-font-icon-svg e-fab-instagram\" viewBox=\"0 0 448 512\" xmlns=\"http:\/\/www.w3.org\/2000\/svg\"><path d=\"M224.1 141c-63.6 0-114.9 51.3-114.9 114.9s51.3 114.9 114.9 114.9S339 319.5 339 255.9 287.7 141 224.1 141zm0 189.6c-41.1 0-74.7-33.5-74.7-74.7s33.5-74.7 74.7-74.7 74.7 33.5 74.7 74.7-33.6 74.7-74.7 74.7zm146.4-194.3c0 14.9-12 26.8-26.8 26.8-14.9 0-26.8-12-26.8-26.8s12-26.8 26.8-26.8 26.8 12 26.8 26.8zm76.1 27.2c-1.7-35.9-9.9-67.7-36.2-93.9-26.2-26.2-58-34.4-93.9-36.2-37-2.1-147.9-2.1-184.9 0-35.8 1.7-67.6 9.9-93.9 36.1s-34.4 58-36.2 93.9c-2.1 37-2.1 147.9 0 184.9 1.7 35.9 9.9 67.7 36.2 93.9s58 34.4 93.9 36.2c37 2.1 147.9 2.1 184.9 0 35.9-1.7 67.7-9.9 93.9-36.2 26.2-26.2 34.4-58 36.2-93.9 2.1-37 2.1-147.8 0-184.8zM398.8 388c-7.8 19.6-22.9 34.7-42.6 42.6-29.5 11.7-99.5 9-132.1 9s-102.7 2.6-132.1-9c-19.6-7.8-34.7-22.9-42.6-42.6-11.7-29.5-9-99.5-9-132.1s-2.6-102.7 9-132.1c7.8-19.6 22.9-34.7 42.6-42.6 29.5-11.7 99.5-9 132.1-9s102.7-2.6 132.1 9c19.6 7.8 34.7 22.9 42.6 42.6 11.7 29.5 9 99.5 9 132.1s2.7 102.7-9 132.1z\"><\/path><\/svg>\t\t\t\t\t<\/a>\n\t\t\t\t<\/span>\n\t\t\t\t\t<\/div>\n\t\t\t\t\t\t<\/div>\n\t\t\t\t<\/div>\n\t\t\t\t\t<\/div>\n\t\t<\/div>\n\t\t\t\t\t<\/div>\n\t\t<\/section>\n\t\t\t\t\t<\/div>\n\t\t<\/div>\n\t\t\t\t\t<\/div>\n\t\t<\/section>\n\t\t\t\t<\/div>\n\t\t","protected":false},"excerpt":{"rendered":"<p>KOKON Bagn\u00e8res-de-Bigorre MAIL contact@argane-conception.fr T\u00c9L\u00c9PHONE 06 80 81 93 95 SUIVEZ-NOUS Instagram<\/p>\n","protected":false},"author":1,"featured_media":0,"parent":0,"menu_order":0,"comment_status":"closed","ping_status":"closed","template":"elementor_header_footer","meta":{"footnotes":""},"class_list":["post-837","page","type-page","status-publish","hentry"],"_links":{"self":[{"href":"https:\/\/argane-conception.fr\/index.php\/wp-json\/wp\/v2\/pages\/837","targetHints":{"allow":["GET"]}}],"collection":[{"href":"https:\/\/argane-conception.fr\/index.php\/wp-json\/wp\/v2\/pages"}],"about":[{"href":"https:\/\/argane-conception.fr\/index.php\/wp-json\/wp\/v2\/types\/page"}],"author":[{"embeddable":true,"href":"https:\/\/argane-conception.fr\/index.php\/wp-json\/wp\/v2\/users\/1"}],"replies":[{"embeddable":true,"href":"https:\/\/argane-conception.fr\/index.php\/wp-json\/wp\/v2\/comments?post=837"}],"version-history":[{"count":11,"href":"https:\/\/argane-conception.fr\/index.php\/wp-json\/wp\/v2\/pages\/837\/revisions"}],"predecessor-version":[{"id":1037,"href":"https:\/\/argane-conception.fr\/index.php\/wp-json\/wp\/v2\/pages\/837\/revisions\/1037"}],"wp:attachment":[{"href":"https:\/\/argane-conception.fr\/index.php\/wp-json\/wp\/v2\/media?parent=837"}],"curies":[{"name":"wp","href":"https:\/\/api.w.org\/{rel}","templated":true}]}}